{"id":110,"date":"2022-06-17T13:04:43","date_gmt":"2022-06-17T13:04:43","guid":{"rendered":"https:\/\/smartart.mx\/?post_type=product&#038;p=110"},"modified":"2025-02-26T01:32:46","modified_gmt":"2025-02-26T01:32:46","slug":"cafeesf-hoj3-cafe","status":"publish","type":"product","link":"https:\/\/smartart.mx\/index.php\/product\/cafeesf-hoj3-cafe\/","title":{"rendered":"Set de Esferas &#8211; Caf\u00e9-"},"content":{"rendered":"","protected":false},"excerpt":{"rendered":"<p>Dise\u00f1o en MDF &#8211; corte l\u00e1ser de hojas estilo 3 &#8211; fondo caf\u00e9<\/p>\n","protected":false},"featured_media":394,"comment_status":"open","ping_status":"closed","template":"","meta":[],"product_brand":[],"product_cat":[128],"product_tag":[122,123],"class_list":{"0":"post-110","1":"product","2":"type-product","3":"status-publish","4":"has-post-thumbnail","6":"product_cat-navidad","7":"product_tag-esferas","8":"product_tag-navidad","10":"first","11":"instock","12":"shipping-taxable","13":"purchasable","14":"product-type-simple"},"_links":{"self":[{"href":"https:\/\/smartart.mx\/index.php\/wp-json\/wp\/v2\/product\/110","targetHints":{"allow":["GET"]}}],"collection":[{"href":"https:\/\/smartart.mx\/index.php\/wp-json\/wp\/v2\/product"}],"about":[{"href":"https:\/\/smartart.mx\/index.php\/wp-json\/wp\/v2\/types\/product"}],"replies":[{"embeddable":true,"href":"https:\/\/smartart.mx\/index.php\/wp-json\/wp\/v2\/comments?post=110"}],"wp:featuredmedia":[{"embeddable":true,"href":"https:\/\/smartart.mx\/index.php\/wp-json\/wp\/v2\/media\/394"}],"wp:attachment":[{"href":"https:\/\/smartart.mx\/index.php\/wp-json\/wp\/v2\/media?parent=110"}],"wp:term":[{"taxonomy":"product_brand","embeddable":true,"href":"https:\/\/smartart.mx\/index.php\/wp-json\/wp\/v2\/product_brand?post=110"},{"taxonomy":"product_cat","embeddable":true,"href":"https:\/\/smartart.mx\/index.php\/wp-json\/wp\/v2\/product_cat?post=110"},{"taxonomy":"product_tag","embeddable":true,"href":"https:\/\/smartart.mx\/index.php\/wp-json\/wp\/v2\/product_tag?post=110"}],"curies":[{"name":"wp","href":"https:\/\/api.w.org\/{rel}","templated":true}]}}